{"id":2348,"date":"2025-12-05T15:23:37","date_gmt":"2025-12-05T18:23:37","guid":{"rendered":"https:\/\/www.houselux.com.br\/?page_id=2348"},"modified":"2025-12-08T10:23:37","modified_gmt":"2025-12-08T13:23:37","slug":"lazer-conforto","status":"publish","type":"page","link":"https:\/\/www.houselux.com.br\/en\/lazer-conforto\/","title":{"rendered":"Lazer &#038; Conforto"},"content":{"rendered":"<div data-elementor-type=\"wp-page\" data-elementor-id=\"2348\" class=\"elementor elementor-2348\" data-elementor-post-type=\"page\">\n\t\t\t\t<div class=\"elementor-element elementor-element-add9864 e-flex e-con-boxed e-con e-parent\" data-id=\"add9864\" data-element_type=\"container\" data-settings=\"{&quot;background_background&quot;:&quot;classic&quot;}\">\n\t\t\t\t\t<div class=\"e-con-inner\">\n\t\t\t\t<div class=\"elementor-element elementor-element-7d76a84 elementor-align-center elementor-widget elementor-widget-breadcrumbs\" data-id=\"7d76a84\" data-element_type=\"widget\" data-widget_type=\"breadcrumbs.default\">\n\t\t\t\t<div class=\"elementor-widget-container\">\n\t\t\t\t\t<p id=\"breadcrumbs\"><span><span><a href=\"https:\/\/www.houselux.com.br\/en\/\">Home<\/a><\/span><\/span><\/p>\t\t\t\t<\/div>\n\t\t\t\t<\/div>\n\t\t\t\t<div class=\"elementor-element elementor-element-7f2137d elementor-widget elementor-widget-text-editor\" data-id=\"7f2137d\" data-element_type=\"widget\" data-widget_type=\"text-editor.default\">\n\t\t\t\t<div class=\"elementor-widget-container\">\n\t\t\t\t\t\t\t\t\t<p>Projetos arquitet\u00f4nicos pensados para transformar espa\u00e7os de lazer em ambientes de conforto e conviv\u00eancia.<\/p>\t\t\t\t\t\t\t\t<\/div>\n\t\t\t\t<\/div>\n\t\t\t\t<div class=\"elementor-element elementor-element-4054c9a elementor-widget-divider--view-line elementor-widget elementor-widget-divider\" data-id=\"4054c9a\" data-element_type=\"widget\" data-widget_type=\"divider.default\">\n\t\t\t\t<div class=\"elementor-widget-container\">\n\t\t\t\t\t\t\t<div class=\"elementor-divider\">\n\t\t\t<span class=\"elementor-divider-separator\">\n\t\t\t\t\t\t<\/span>\n\t\t<\/div>\n\t\t\t\t\t\t<\/div>\n\t\t\t\t<\/div>\n\t\t\t\t\t<\/div>\n\t\t\t\t<\/div>\n\t\t<div class=\"elementor-element elementor-element-7891182 e-flex e-con-boxed e-con e-parent\" data-id=\"7891182\" data-element_type=\"container\">\n\t\t\t\t\t<div class=\"e-con-inner\">\n\t\t\t\t<div class=\"elementor-element elementor-element-f34d1b4 elementor-widget elementor-widget-ucaddon_post_magazine_grid\" data-id=\"f34d1b4\" data-element_type=\"widget\" data-widget_type=\"ucaddon_post_magazine_grid.default\">\n\t\t\t\t<div class=\"elementor-widget-container\">\n\t\t\t\t\t\n<!-- start Post Magazine Grid -->\n\t\t<link id='font-awesome-css' href='https:\/\/www.houselux.com.br\/wp-content\/plugins\/unlimited-elements-for-elementor-premium\/assets_libraries\/font-awesome6\/fontawesome-all.min.css' type='text\/css' rel='stylesheet' >\n\t\t<link id='font-awesome-4-shim-css' href='https:\/\/www.houselux.com.br\/wp-content\/plugins\/unlimited-elements-for-elementor-premium\/assets_libraries\/font-awesome6\/fontawesome-v4-shims.min.css' type='text\/css' rel='stylesheet' >\n\n<style>\/* widget: Post Magazine Grid *\/\n\n\n\n#uc_post_magazine_grid_elementor_f34d1b4 *\n{\n  box-sizing:border-box;\n}\n#uc_post_magazine_grid_elementor_f34d1b4\n{\n  display: grid;\n  grid-auto-rows: 1fr;\n}\n\n#uc_post_magazine_grid_elementor_f34d1b4 div.ue-grid-item\n{\n  overflow:hidden;\n  display:flex;\n  position:relative;\n}\n\n#uc_post_magazine_grid_elementor_f34d1b4 .ue-grid-item-image img\n{\n  width:100%;\n  display:block;\n}\n\n\n#uc_post_magazine_grid_elementor_f34d1b4.ue-layout-cover .ue-grid-item-image\n{\n  position:absolute;\n  top:0;\n  left:0;\n  bottom:0;\n  right:0;\n}\n\n#uc_post_magazine_grid_elementor_f34d1b4.ue-layout-cover .ue-grid-item-image img\n{\n  height:100%;\n  object-fit: cover;\n}\n\n#uc_post_magazine_grid_elementor_f34d1b4.ue-layout-cover .ue-grid-item-content\n{\n  position:absolute;\n  width:100%;\n  bottom:0px;\n}\n\n#uc_post_magazine_grid_elementor_f34d1b4 .ue-grid-item-image-overlay\n{\n  position:absolute;\n  width:100%;\n  top:0;\n  display:block;\n  bottom:0;\n  height:100%;\n  transition:0.3s;\n}\n\n.ue-grid-item-title a\n{\n  font-size:21px;\n  font-weight:bold;\n}\n\n.ue-grid-item-category a\n{\n  display:inline-block;\n  font-size:10px;\n  text-transform:uppercase;\n}\n\n#uc_post_magazine_grid_elementor_f34d1b4 .uc_more_btn{\n\n  text-align:center;\n  text-decoration:none;\n  transition:0.3s;\n}\n\n#uc_post_magazine_grid_elementor_f34d1b4 .ue-grid-item-meta-data\n{\n  display:flex;\n  flex-wrap: wrap;\n}\n\n.ue-grid-item-meta-data\n{\n  font-size:12px;\n}\n\n#uc_post_magazine_grid_elementor_f34d1b4 .ue-grid-item-meta-data-icon\n{\n  line-height:1em;\n}\n\n#uc_post_magazine_grid_elementor_f34d1b4 .ue-grid-item-meta-data-icon svg\n{\n  width:1em;\n  height:1em;\n}\n\n\n\n#uc_post_magazine_grid_elementor_f34d1b4 .ue-date-calendar\n{\n      position:absolute;\n      top:0px;\n     left:0px;\n     text-align:center;\n    }\n\n@media only screen and (max-width: 600px) {\n  #uc_post_magazine_grid_elementor_f34d1b4 div.ue-grid-item\n  {\n    grid-column: span 1;\n    grid-row: span 1;\n  }\n  #uc_post_magazine_grid_elementor_f34d1b4\n  {\n  grid-template-columns: repeat(1, 1fr);\n  }\n}\n\n<\/style>\n\n<div id=\"uc_post_magazine_grid_elementor_f34d1b4\" class=\"post_magazine_grid ue-layout-cover uc-items-wrapper\" >\n\t<div class=\"ue-grid-item\">\n\t<div class=\"ue-grid-item-image\">\n       \n          <img fetchpriority=\"high\" decoding=\"async\" src=\"https:\/\/www.houselux.com.br\/wp-content\/uploads\/2025\/12\/Fachada-acad.jpg\"  alt=\"Projetos - Lazer &amp; Conforto\" width=\"1920\" height=\"1080\">  \n      \t\n      \n      <a class=\"ue-grid-item-image-overlay\" href=\"https:\/\/www.houselux.com.br\/en\/blue-lake-rio-de-janeiro-rj\/\"><\/a>\n    <\/div>\n    <div class=\"ue-grid-item-content\">\n      \n      \n                  \n      \n            \n      <div class=\"ue-grid-item-title\"><a href=\"https:\/\/www.houselux.com.br\/en\/blue-lake-rio-de-janeiro-rj\/\">BLUE LAKE \u2013 RIO DE JANEIRO \u2013 RJ<\/a><\/div>      \n            \n      <div class=\"ue-grid-item-intro\"><\/div>          <\/div>\n  \n    \n    \n  \n<\/div>\n<div class=\"ue-grid-item\">\n\t<div class=\"ue-grid-item-image\">\n       \n          <img decoding=\"async\" src=\"https:\/\/www.houselux.com.br\/wp-content\/uploads\/2025\/12\/Fachada-1-1.jpg\"  alt=\"Projetos de Lazer e Conforto\" width=\"1920\" height=\"1080\">  \n      \t\n      \n      <a class=\"ue-grid-item-image-overlay\" href=\"https:\/\/www.houselux.com.br\/en\/propriedade-privada-piracaia-sp\/\"><\/a>\n    <\/div>\n    <div class=\"ue-grid-item-content\">\n      \n      \n                  \n      \n            \n      <div class=\"ue-grid-item-title\"><a href=\"https:\/\/www.houselux.com.br\/en\/propriedade-privada-piracaia-sp\/\">Propriedade Privada - Piracaia\/SP<\/a><\/div>      \n            \n      <div class=\"ue-grid-item-intro\"><\/div>          <\/div>\n  \n    \n    \n  \n<\/div>\n\n<\/div>\n\n\n<!-- end Post Magazine Grid -->\t\t\t\t<\/div>\n\t\t\t\t<\/div>\n\t\t\t\t\t<\/div>\n\t\t\t\t<\/div>\n\t\t\t\t<\/div>","protected":false},"excerpt":{"rendered":"<p>Projetos arquitet\u00f4nicos pensados para transformar espa\u00e7os de lazer em ambientes de conforto e conviv\u00eancia. Propriedade Privada &#8211; Piracaia\/SP<\/p>","protected":false},"author":1,"featured_media":0,"parent":0,"menu_order":0,"comment_status":"closed","ping_status":"closed","template":"","meta":{"_joinchat":[],"footnotes":""},"class_list":["post-2348","page","type-page","status-publish","hentry"],"yoast_head":"<!-- This site is optimized with the Yoast SEO plugin v27.3 - https:\/\/yoast.com\/product\/yoast-seo-wordpress\/ -->\n<title>Lazer &amp; Conforto - House Lux Exclusive Design<\/title>\n<meta name=\"robots\" content=\"index, follow, max-snippet:-1, max-image-preview:large, max-video-preview:-1\" \/>\n<link rel=\"canonical\" href=\"https:\/\/www.houselux.com.br\/en\/lazer-conforto\/\" \/>\n<meta property=\"og:locale\" content=\"en_US\" \/>\n<meta property=\"og:type\" content=\"article\" \/>\n<meta property=\"og:title\" content=\"Lazer &amp; Conforto - House Lux Exclusive Design\" \/>\n<meta property=\"og:description\" content=\"Projetos arquitet\u00f4nicos pensados para transformar espa\u00e7os de lazer em ambientes de conforto e conviv\u00eancia. Propriedade Privada &#8211; Piracaia\/SP\" \/>\n<meta property=\"og:url\" content=\"https:\/\/www.houselux.com.br\/en\/lazer-conforto\/\" \/>\n<meta property=\"og:site_name\" content=\"House Lux Exclusive Design\" \/>\n<meta property=\"article:modified_time\" content=\"2025-12-08T13:23:37+00:00\" \/>\n<meta property=\"og:image\" content=\"https:\/\/www.houselux.com.br\/wp-content\/uploads\/2025\/12\/Fachada-1-1.jpg\" \/>\n<meta name=\"twitter:card\" content=\"summary_large_image\" \/>\n<meta name=\"twitter:label1\" content=\"Est. reading time\" \/>\n\t<meta name=\"twitter:data1\" content=\"1 minute\" \/>\n<script type=\"application\/ld+json\" class=\"yoast-schema-graph\">{\"@context\":\"https:\\\/\\\/schema.org\",\"@graph\":[{\"@type\":\"WebPage\",\"@id\":\"https:\\\/\\\/www.houselux.com.br\\\/lazer-conforto\\\/\",\"url\":\"https:\\\/\\\/www.houselux.com.br\\\/lazer-conforto\\\/\",\"name\":\"Lazer & Conforto - House Lux Exclusive Design\",\"isPartOf\":{\"@id\":\"https:\\\/\\\/www.houselux.com.br\\\/#website\"},\"primaryImageOfPage\":{\"@id\":\"https:\\\/\\\/www.houselux.com.br\\\/lazer-conforto\\\/#primaryimage\"},\"image\":{\"@id\":\"https:\\\/\\\/www.houselux.com.br\\\/lazer-conforto\\\/#primaryimage\"},\"thumbnailUrl\":\"https:\\\/\\\/www.houselux.com.br\\\/wp-content\\\/uploads\\\/2025\\\/12\\\/Fachada-1-1.jpg\",\"datePublished\":\"2025-12-05T18:23:37+00:00\",\"dateModified\":\"2025-12-08T13:23:37+00:00\",\"breadcrumb\":{\"@id\":\"https:\\\/\\\/www.houselux.com.br\\\/lazer-conforto\\\/#breadcrumb\"},\"inLanguage\":\"en-US\",\"potentialAction\":[{\"@type\":\"ReadAction\",\"target\":[\"https:\\\/\\\/www.houselux.com.br\\\/lazer-conforto\\\/\"]}]},{\"@type\":\"ImageObject\",\"inLanguage\":\"en-US\",\"@id\":\"https:\\\/\\\/www.houselux.com.br\\\/lazer-conforto\\\/#primaryimage\",\"url\":\"https:\\\/\\\/www.houselux.com.br\\\/wp-content\\\/uploads\\\/2025\\\/12\\\/Fachada-1-1.jpg\",\"contentUrl\":\"https:\\\/\\\/www.houselux.com.br\\\/wp-content\\\/uploads\\\/2025\\\/12\\\/Fachada-1-1.jpg\"},{\"@type\":\"BreadcrumbList\",\"@id\":\"https:\\\/\\\/www.houselux.com.br\\\/lazer-conforto\\\/#breadcrumb\",\"itemListElement\":[{\"@type\":\"ListItem\",\"position\":1,\"name\":\"In\u00edcio\",\"item\":\"https:\\\/\\\/www.houselux.com.br\\\/\"},{\"@type\":\"ListItem\",\"position\":2,\"name\":\"Lazer &#038; Conforto\"}]},{\"@type\":\"WebSite\",\"@id\":\"https:\\\/\\\/www.houselux.com.br\\\/#website\",\"url\":\"https:\\\/\\\/www.houselux.com.br\\\/\",\"name\":\"House Lux Exclusive Design\",\"description\":\"\",\"publisher\":{\"@id\":\"https:\\\/\\\/www.houselux.com.br\\\/#organization\"},\"potentialAction\":[{\"@type\":\"SearchAction\",\"target\":{\"@type\":\"EntryPoint\",\"urlTemplate\":\"https:\\\/\\\/www.houselux.com.br\\\/?s={search_term_string}\"},\"query-input\":{\"@type\":\"PropertyValueSpecification\",\"valueRequired\":true,\"valueName\":\"search_term_string\"}}],\"inLanguage\":\"en-US\"},{\"@type\":\"Organization\",\"@id\":\"https:\\\/\\\/www.houselux.com.br\\\/#organization\",\"name\":\"House Lux Exclusive Design\",\"url\":\"https:\\\/\\\/www.houselux.com.br\\\/\",\"logo\":{\"@type\":\"ImageObject\",\"inLanguage\":\"en-US\",\"@id\":\"https:\\\/\\\/www.houselux.com.br\\\/#\\\/schema\\\/logo\\\/image\\\/\",\"url\":\"https:\\\/\\\/www.houselux.com.br\\\/wp-content\\\/uploads\\\/2024\\\/07\\\/House-Lux-Logotipo-CMYK-54-Photoroom.png\",\"contentUrl\":\"https:\\\/\\\/www.houselux.com.br\\\/wp-content\\\/uploads\\\/2024\\\/07\\\/House-Lux-Logotipo-CMYK-54-Photoroom.png\",\"width\":1280,\"height\":341,\"caption\":\"House Lux Exclusive Design\"},\"image\":{\"@id\":\"https:\\\/\\\/www.houselux.com.br\\\/#\\\/schema\\\/logo\\\/image\\\/\"}}]}<\/script>\n<!-- \/ Yoast SEO plugin. -->","yoast_head_json":{"title":"Lazer & Conforto - House Lux Exclusive Design","robots":{"index":"index","follow":"follow","max-snippet":"max-snippet:-1","max-image-preview":"max-image-preview:large","max-video-preview":"max-video-preview:-1"},"canonical":"https:\/\/www.houselux.com.br\/en\/lazer-conforto\/","og_locale":"en_US","og_type":"article","og_title":"Lazer & Conforto - House Lux Exclusive Design","og_description":"Projetos arquitet\u00f4nicos pensados para transformar espa\u00e7os de lazer em ambientes de conforto e conviv\u00eancia. Propriedade Privada &#8211; Piracaia\/SP","og_url":"https:\/\/www.houselux.com.br\/en\/lazer-conforto\/","og_site_name":"House Lux Exclusive Design","article_modified_time":"2025-12-08T13:23:37+00:00","og_image":[{"url":"https:\/\/www.houselux.com.br\/wp-content\/uploads\/2025\/12\/Fachada-1-1.jpg","type":"","width":"","height":""}],"twitter_card":"summary_large_image","twitter_misc":{"Est. reading time":"1 minute"},"schema":{"@context":"https:\/\/schema.org","@graph":[{"@type":"WebPage","@id":"https:\/\/www.houselux.com.br\/lazer-conforto\/","url":"https:\/\/www.houselux.com.br\/lazer-conforto\/","name":"Lazer & Conforto - House Lux Exclusive Design","isPartOf":{"@id":"https:\/\/www.houselux.com.br\/#website"},"primaryImageOfPage":{"@id":"https:\/\/www.houselux.com.br\/lazer-conforto\/#primaryimage"},"image":{"@id":"https:\/\/www.houselux.com.br\/lazer-conforto\/#primaryimage"},"thumbnailUrl":"https:\/\/www.houselux.com.br\/wp-content\/uploads\/2025\/12\/Fachada-1-1.jpg","datePublished":"2025-12-05T18:23:37+00:00","dateModified":"2025-12-08T13:23:37+00:00","breadcrumb":{"@id":"https:\/\/www.houselux.com.br\/lazer-conforto\/#breadcrumb"},"inLanguage":"en-US","potentialAction":[{"@type":"ReadAction","target":["https:\/\/www.houselux.com.br\/lazer-conforto\/"]}]},{"@type":"ImageObject","inLanguage":"en-US","@id":"https:\/\/www.houselux.com.br\/lazer-conforto\/#primaryimage","url":"https:\/\/www.houselux.com.br\/wp-content\/uploads\/2025\/12\/Fachada-1-1.jpg","contentUrl":"https:\/\/www.houselux.com.br\/wp-content\/uploads\/2025\/12\/Fachada-1-1.jpg"},{"@type":"BreadcrumbList","@id":"https:\/\/www.houselux.com.br\/lazer-conforto\/#breadcrumb","itemListElement":[{"@type":"ListItem","position":1,"name":"In\u00edcio","item":"https:\/\/www.houselux.com.br\/"},{"@type":"ListItem","position":2,"name":"Lazer &#038; Conforto"}]},{"@type":"WebSite","@id":"https:\/\/www.houselux.com.br\/#website","url":"https:\/\/www.houselux.com.br\/","name":"House Lux Exclusive Design","description":"","publisher":{"@id":"https:\/\/www.houselux.com.br\/#organization"},"potentialAction":[{"@type":"SearchAction","target":{"@type":"EntryPoint","urlTemplate":"https:\/\/www.houselux.com.br\/?s={search_term_string}"},"query-input":{"@type":"PropertyValueSpecification","valueRequired":true,"valueName":"search_term_string"}}],"inLanguage":"en-US"},{"@type":"Organization","@id":"https:\/\/www.houselux.com.br\/#organization","name":"House Lux Exclusive Design","url":"https:\/\/www.houselux.com.br\/","logo":{"@type":"ImageObject","inLanguage":"en-US","@id":"https:\/\/www.houselux.com.br\/#\/schema\/logo\/image\/","url":"https:\/\/www.houselux.com.br\/wp-content\/uploads\/2024\/07\/House-Lux-Logotipo-CMYK-54-Photoroom.png","contentUrl":"https:\/\/www.houselux.com.br\/wp-content\/uploads\/2024\/07\/House-Lux-Logotipo-CMYK-54-Photoroom.png","width":1280,"height":341,"caption":"House Lux Exclusive Design"},"image":{"@id":"https:\/\/www.houselux.com.br\/#\/schema\/logo\/image\/"}}]}},"_links":{"self":[{"href":"https:\/\/www.houselux.com.br\/en\/wp-json\/wp\/v2\/pages\/2348","targetHints":{"allow":["GET"]}}],"collection":[{"href":"https:\/\/www.houselux.com.br\/en\/wp-json\/wp\/v2\/pages"}],"about":[{"href":"https:\/\/www.houselux.com.br\/en\/wp-json\/wp\/v2\/types\/page"}],"author":[{"embeddable":true,"href":"https:\/\/www.houselux.com.br\/en\/wp-json\/wp\/v2\/users\/1"}],"replies":[{"embeddable":true,"href":"https:\/\/www.houselux.com.br\/en\/wp-json\/wp\/v2\/comments?post=2348"}],"version-history":[{"count":0,"href":"https:\/\/www.houselux.com.br\/en\/wp-json\/wp\/v2\/pages\/2348\/revisions"}],"wp:attachment":[{"href":"https:\/\/www.houselux.com.br\/en\/wp-json\/wp\/v2\/media?parent=2348"}],"curies":[{"name":"wp","href":"https:\/\/api.w.org\/{rel}","templated":true}]}}