{"id":221,"date":"2023-05-16T11:24:51","date_gmt":"2023-05-16T14:24:51","guid":{"rendered":"http:\/\/localhost\/houselux\/?page_id=221"},"modified":"2024-10-21T11:44:27","modified_gmt":"2024-10-21T14:44:27","slug":"projetos-interiores","status":"publish","type":"page","link":"https:\/\/www.houselux.com.br\/en\/projetos-interiores\/","title":{"rendered":"Interior Projects"},"content":{"rendered":"<div data-elementor-type=\"wp-page\" data-elementor-id=\"221\" class=\"elementor elementor-221\" data-elementor-post-type=\"page\">\n\t\t\t\t<div class=\"elementor-element elementor-element-674fa33 e-flex e-con-boxed e-con e-parent\" data-id=\"674fa33\" data-element_type=\"container\" data-settings=\"{&quot;background_background&quot;:&quot;classic&quot;}\">\n\t\t\t\t\t<div class=\"e-con-inner\">\n\t\t\t\t<div class=\"elementor-element elementor-element-5b95eb3 elementor-align-center elementor-widget elementor-widget-breadcrumbs\" data-id=\"5b95eb3\" data-element_type=\"widget\" data-widget_type=\"breadcrumbs.default\">\n\t\t\t\t<div class=\"elementor-widget-container\">\n\t\t\t\t\t<p id=\"breadcrumbs\"><span><span><a href=\"https:\/\/www.houselux.com.br\/en\/\">Home<\/a><\/span><\/span><\/p>\t\t\t\t<\/div>\n\t\t\t\t<\/div>\n\t\t\t\t<div class=\"elementor-element elementor-element-f658c31 elementor-widget elementor-widget-text-editor\" data-id=\"f658c31\" data-element_type=\"widget\" data-widget_type=\"text-editor.default\">\n\t\t\t\t<div class=\"elementor-widget-container\">\n\t\t\t\t\t\t\t\t\t<p>Architectural design development, involving residential, commercial, or corporate new construction or renovation projects.<\/p>\t\t\t\t\t\t\t\t<\/div>\n\t\t\t\t<\/div>\n\t\t\t\t<div class=\"elementor-element elementor-element-c318ec8 elementor-widget-divider--view-line elementor-widget elementor-widget-divider\" data-id=\"c318ec8\" data-element_type=\"widget\" data-widget_type=\"divider.default\">\n\t\t\t\t<div class=\"elementor-widget-container\">\n\t\t\t\t\t\t\t<div class=\"elementor-divider\">\n\t\t\t<span class=\"elementor-divider-separator\">\n\t\t\t\t\t\t<\/span>\n\t\t<\/div>\n\t\t\t\t\t\t<\/div>\n\t\t\t\t<\/div>\n\t\t\t\t\t<\/div>\n\t\t\t\t<\/div>\n\t\t<div class=\"elementor-element elementor-element-a1083e7 e-flex e-con-boxed e-con e-parent\" data-id=\"a1083e7\" data-element_type=\"container\">\n\t\t\t\t\t<div class=\"e-con-inner\">\n\t\t\t\t<div class=\"elementor-element elementor-element-3e74bc6 elementor-widget elementor-widget-ucaddon_post_magazine_grid\" data-id=\"3e74bc6\" data-element_type=\"widget\" data-widget_type=\"ucaddon_post_magazine_grid.default\">\n\t\t\t\t<div class=\"elementor-widget-container\">\n\t\t\t\t\t\n<!-- start Post Magazine Grid -->\n\t\t<link id='font-awesome-css' href='https:\/\/www.houselux.com.br\/wp-content\/plugins\/unlimited-elements-for-elementor-premium\/assets_libraries\/font-awesome6\/fontawesome-all.min.css' type='text\/css' rel='stylesheet' >\n\t\t<link id='font-awesome-4-shim-css' href='https:\/\/www.houselux.com.br\/wp-content\/plugins\/unlimited-elements-for-elementor-premium\/assets_libraries\/font-awesome6\/fontawesome-v4-shims.min.css' type='text\/css' rel='stylesheet' >\n\n<style>\/* widget: Post Magazine Grid *\/\n\n\n\n#uc_post_magazine_grid_elementor_3e74bc6 *\n{\n  box-sizing:border-box;\n}\n#uc_post_magazine_grid_elementor_3e74bc6\n{\n  display: grid;\n  grid-auto-rows: 1fr;\n}\n\n#uc_post_magazine_grid_elementor_3e74bc6 div.ue-grid-item\n{\n  overflow:hidden;\n  display:flex;\n  position:relative;\n}\n\n#uc_post_magazine_grid_elementor_3e74bc6 .ue-grid-item-image img\n{\n  width:100%;\n  display:block;\n}\n\n\n#uc_post_magazine_grid_elementor_3e74bc6.ue-layout-cover .ue-grid-item-image\n{\n  position:absolute;\n  top:0;\n  left:0;\n  bottom:0;\n  right:0;\n}\n\n#uc_post_magazine_grid_elementor_3e74bc6.ue-layout-cover .ue-grid-item-image img\n{\n  height:100%;\n  object-fit: cover;\n}\n\n#uc_post_magazine_grid_elementor_3e74bc6.ue-layout-cover .ue-grid-item-content\n{\n  position:absolute;\n  width:100%;\n  bottom:0px;\n}\n\n#uc_post_magazine_grid_elementor_3e74bc6 .ue-grid-item-image-overlay\n{\n  position:absolute;\n  width:100%;\n  top:0;\n  display:block;\n  bottom:0;\n  height:100%;\n  transition:0.3s;\n}\n\n.ue-grid-item-title a\n{\n  font-size:21px;\n  font-weight:bold;\n}\n\n.ue-grid-item-category a\n{\n  display:inline-block;\n  font-size:10px;\n  text-transform:uppercase;\n}\n\n#uc_post_magazine_grid_elementor_3e74bc6 .uc_more_btn{\n\n  text-align:center;\n  text-decoration:none;\n  transition:0.3s;\n}\n\n#uc_post_magazine_grid_elementor_3e74bc6 .ue-grid-item-meta-data\n{\n  display:flex;\n  flex-wrap: wrap;\n}\n\n.ue-grid-item-meta-data\n{\n  font-size:12px;\n}\n\n#uc_post_magazine_grid_elementor_3e74bc6 .ue-grid-item-meta-data-icon\n{\n  line-height:1em;\n}\n\n#uc_post_magazine_grid_elementor_3e74bc6 .ue-grid-item-meta-data-icon svg\n{\n  width:1em;\n  height:1em;\n}\n\n\n\n#uc_post_magazine_grid_elementor_3e74bc6 .ue-date-calendar\n{\n      position:absolute;\n      top:0px;\n     left:0px;\n     text-align:center;\n    }\n\n@media only screen and (max-width: 600px) {\n  #uc_post_magazine_grid_elementor_3e74bc6 div.ue-grid-item\n  {\n    grid-column: span 1;\n    grid-row: span 1;\n  }\n  #uc_post_magazine_grid_elementor_3e74bc6\n  {\n  grid-template-columns: repeat(1, 1fr);\n  }\n}\n\n<\/style>\n\n<div id=\"uc_post_magazine_grid_elementor_3e74bc6\" class=\"post_magazine_grid ue-layout-cover uc-items-wrapper\" >\n\t<div class=\"ue-grid-item\">\n\t<div class=\"ue-grid-item-image\">\n       \n          <img fetchpriority=\"high\" decoding=\"async\" src=\"https:\/\/www.houselux.com.br\/wp-content\/uploads\/2026\/01\/Area-Social-6.jpg\"  alt=\"Projeto de Interiores Resid\u00eancia Piracicaba\" width=\"1920\" height=\"1080\">  \n      \t\n      \n      <a class=\"ue-grid-item-image-overlay\" href=\"https:\/\/www.houselux.com.br\/en\/residencia-piracicaba-sp\/\"><\/a>\n    <\/div>\n    <div class=\"ue-grid-item-content\">\n      \n      \n                  \n      \n            \n      <div class=\"ue-grid-item-title\"><a href=\"https:\/\/www.houselux.com.br\/en\/residencia-piracicaba-sp\/\">RESID\u00caNCIA \u2013 PIRACICABA\/SP<\/a><\/div>      \n            \n      <div class=\"ue-grid-item-intro\"><\/div>          <\/div>\n  \n    \n    \n  \n<\/div>\n<div class=\"ue-grid-item\">\n\t<div class=\"ue-grid-item-image\">\n       \n          <img decoding=\"async\" src=\"https:\/\/www.houselux.com.br\/wp-content\/uploads\/2025\/01\/8-1.jpg\"  alt=\"SP\" width=\"2500\" height=\"2049\">  \n      \t\n      \n      <a class=\"ue-grid-item-image-overlay\" href=\"https:\/\/www.houselux.com.br\/en\/residencia-indaiatuba-sp\/\"><\/a>\n    <\/div>\n    <div class=\"ue-grid-item-content\">\n      \n      \n                  \n      \n            \n      <div class=\"ue-grid-item-title\"><a href=\"https:\/\/www.houselux.com.br\/en\/residencia-indaiatuba-sp\/\">Resid\u00eancia - Indaiatuba\/SP<\/a><\/div>      \n            \n      <div class=\"ue-grid-item-intro\"><\/div>          <\/div>\n  \n    \n    \n  \n<\/div>\n<div class=\"ue-grid-item\">\n\t<div class=\"ue-grid-item-image\">\n       \n          <img decoding=\"async\" src=\"https:\/\/www.houselux.com.br\/wp-content\/uploads\/2024\/10\/18.jpg\"  alt=\"Projeto de Interiores - Resid\u00eancia  J M\" width=\"1875\" height=\"1631\">  \n      \t\n      \n      <a class=\"ue-grid-item-image-overlay\" href=\"https:\/\/www.houselux.com.br\/en\/residencia-j-m\/\"><\/a>\n    <\/div>\n    <div class=\"ue-grid-item-content\">\n      \n      \n                  \n      \n            \n      <div class=\"ue-grid-item-title\"><a href=\"https:\/\/www.houselux.com.br\/en\/residencia-j-m\/\">Resid\u00eancia - Itapecirica da Serra\/SP<\/a><\/div>      \n            \n      <div class=\"ue-grid-item-intro\"><\/div>          <\/div>\n  \n    \n    \n  \n<\/div>\n<div class=\"ue-grid-item\">\n\t<div class=\"ue-grid-item-image\">\n       \n          <img loading=\"lazy\" decoding=\"async\" src=\"https:\/\/www.houselux.com.br\/wp-content\/uploads\/2024\/04\/JSS_01_Sala-de-estar-e-jantar_OP02_R00-2.jpg\"  alt=\"Projeto de Interiores Resid\u00eancia Lima\" width=\"2000\" height=\"1334\">  \n      \t\n      \n      <a class=\"ue-grid-item-image-overlay\" href=\"https:\/\/www.houselux.com.br\/en\/residencia-sorocaba-sp\/\"><\/a>\n    <\/div>\n    <div class=\"ue-grid-item-content\">\n      \n      \n                  \n      \n            \n      <div class=\"ue-grid-item-title\"><a href=\"https:\/\/www.houselux.com.br\/en\/residencia-sorocaba-sp\/\">Resid\u00eancia - Sorocaba\/SP<\/a><\/div>      \n            \n      <div class=\"ue-grid-item-intro\"><\/div>          <\/div>\n  \n    \n    \n  \n<\/div>\n<div class=\"ue-grid-item\">\n\t<div class=\"ue-grid-item-image\">\n       \n          <img loading=\"lazy\" decoding=\"async\" src=\"https:\/\/www.houselux.com.br\/wp-content\/uploads\/2024\/03\/CENA-33-3.jpg\"  alt=\"Projeto de Interiores - Resid\u00eancia FC\" width=\"2000\" height=\"1000\">  \n      \t\n      \n      <a class=\"ue-grid-item-image-overlay\" href=\"https:\/\/www.houselux.com.br\/en\/residencia-itupeva\/\"><\/a>\n    <\/div>\n    <div class=\"ue-grid-item-content\">\n      \n      \n                  \n      \n            \n      <div class=\"ue-grid-item-title\"><a href=\"https:\/\/www.houselux.com.br\/en\/residencia-itupeva\/\">Resid\u00eancia - Itupeva\/SP<\/a><\/div>      \n            \n      <div class=\"ue-grid-item-intro\"><\/div>          <\/div>\n  \n    \n    \n  \n<\/div>\n<div class=\"ue-grid-item\">\n\t<div class=\"ue-grid-item-image\">\n       \n          <img loading=\"lazy\" decoding=\"async\" src=\"https:\/\/www.houselux.com.br\/wp-content\/uploads\/2024\/03\/ELI_-CENA_19-4.jpg\"  alt=\"Projeto de Interiores - Resid\u00eancia EJ\" width=\"2250\" height=\"1500\">  \n      \t\n      \n      <a class=\"ue-grid-item-image-overlay\" href=\"https:\/\/www.houselux.com.br\/en\/residencia-teresopolis\/\"><\/a>\n    <\/div>\n    <div class=\"ue-grid-item-content\">\n      \n      \n                  \n      \n            \n      <div class=\"ue-grid-item-title\"><a href=\"https:\/\/www.houselux.com.br\/en\/residencia-teresopolis\/\">Resid\u00eancia - Teres\u00f3polis\/RJ<\/a><\/div>      \n            \n      <div class=\"ue-grid-item-intro\"><\/div>          <\/div>\n  \n    \n    \n  \n<\/div>\n<div class=\"ue-grid-item\">\n\t<div class=\"ue-grid-item-image\">\n       \n          <img loading=\"lazy\" decoding=\"async\" src=\"https:\/\/www.houselux.com.br\/wp-content\/uploads\/2024\/03\/01-1.jpg\"  alt=\"Projeto de Interiores - Resid\u00eancia Lima\" width=\"1406\" height=\"938\">  \n      \t\n      \n      <a class=\"ue-grid-item-image-overlay\" href=\"https:\/\/www.houselux.com.br\/en\/residencia-suzano\/\"><\/a>\n    <\/div>\n    <div class=\"ue-grid-item-content\">\n      \n      \n                  \n      \n            \n      <div class=\"ue-grid-item-title\"><a href=\"https:\/\/www.houselux.com.br\/en\/residencia-suzano\/\">Resid\u00eancia - Suzano\/SP<\/a><\/div>      \n            \n      <div class=\"ue-grid-item-intro\"><\/div>          <\/div>\n  \n    \n    \n  \n<\/div>\n<div class=\"ue-grid-item\">\n\t<div class=\"ue-grid-item-image\">\n       \n          <img loading=\"lazy\" decoding=\"async\" src=\"https:\/\/www.houselux.com.br\/wp-content\/uploads\/2024\/03\/CLINICA-35-1.jpg\"  alt=\"Projeto de Interiores - Cl\u00ednica SB Est\u00e9tica\" width=\"1126\" height=\"750\">  \n      \t\n      \n      <a class=\"ue-grid-item-image-overlay\" href=\"https:\/\/www.houselux.com.br\/en\/clinica-sb-estetica-suzano\/\"><\/a>\n    <\/div>\n    <div class=\"ue-grid-item-content\">\n      \n      \n                  \n      \n            \n      <div class=\"ue-grid-item-title\"><a href=\"https:\/\/www.houselux.com.br\/en\/clinica-sb-estetica-suzano\/\">Cl\u00ednica SB Est\u00e9tica - Suzano\/SP<\/a><\/div>      \n            \n      <div class=\"ue-grid-item-intro\"><\/div>          <\/div>\n  \n    \n    \n  \n<\/div>\n<div class=\"ue-grid-item\">\n\t<div class=\"ue-grid-item-image\">\n       \n          <img loading=\"lazy\" decoding=\"async\" src=\"https:\/\/www.houselux.com.br\/wp-content\/uploads\/2024\/03\/JEFERSON-CENA-17-1.jpg\"  alt=\"Projeto de Interiores - Resid\u00eancia SJ\" width=\"1969\" height=\"1313\">  \n      \t\n      \n      <a class=\"ue-grid-item-image-overlay\" href=\"https:\/\/www.houselux.com.br\/en\/residencia-louveira\/\"><\/a>\n    <\/div>\n    <div class=\"ue-grid-item-content\">\n      \n      \n                  \n      \n            \n      <div class=\"ue-grid-item-title\"><a href=\"https:\/\/www.houselux.com.br\/en\/residencia-louveira\/\">Resid\u00eancia - Louveira\/SP<\/a><\/div>      \n            \n      <div class=\"ue-grid-item-intro\"><\/div>          <\/div>\n  \n    \n    \n  \n<\/div>\n<div class=\"ue-grid-item\">\n\t<div class=\"ue-grid-item-image\">\n       \n          <img loading=\"lazy\" decoding=\"async\" src=\"https:\/\/www.houselux.com.br\/wp-content\/uploads\/2024\/03\/FALCONI-1-alt-1.jpg\"  alt=\"Projeto de Interiores - Resid\u00eancia FN\" width=\"2250\" height=\"1125\">  \n      \t\n      \n      <a class=\"ue-grid-item-image-overlay\" href=\"https:\/\/www.houselux.com.br\/en\/residencia-sao-paulo\/\"><\/a>\n    <\/div>\n    <div class=\"ue-grid-item-content\">\n      \n      \n                  \n      \n            \n      <div class=\"ue-grid-item-title\"><a href=\"https:\/\/www.houselux.com.br\/en\/residencia-sao-paulo\/\">Resid\u00eancia - S\u00e3o Paulo\/SP<\/a><\/div>      \n            \n      <div class=\"ue-grid-item-intro\"><\/div>          <\/div>\n  \n    \n    \n  \n<\/div>\n<div class=\"ue-grid-item\">\n\t<div class=\"ue-grid-item-image\">\n       \n          <img loading=\"lazy\" decoding=\"async\" src=\"https:\/\/www.houselux.com.br\/wp-content\/uploads\/2024\/03\/cena-22-4.jpg\"  alt=\"Projeto de Interiores - Resid\u00eancia Lopes\" width=\"1500\" height=\"1001\">  \n      \t\n      \n      <a class=\"ue-grid-item-image-overlay\" href=\"https:\/\/www.houselux.com.br\/en\/residencia-sao-paulo-lopes\/\"><\/a>\n    <\/div>\n    <div class=\"ue-grid-item-content\">\n      \n      \n                  \n      \n            \n      <div class=\"ue-grid-item-title\"><a href=\"https:\/\/www.houselux.com.br\/en\/residencia-sao-paulo-lopes\/\">Resid\u00eancia - S\u00e3o Paulo\/SP<\/a><\/div>      \n            \n      <div class=\"ue-grid-item-intro\"><\/div>          <\/div>\n  \n    \n    \n  \n<\/div>\n<div class=\"ue-grid-item\">\n\t<div class=\"ue-grid-item-image\">\n       \n          <img loading=\"lazy\" decoding=\"async\" src=\"https:\/\/www.houselux.com.br\/wp-content\/uploads\/2024\/01\/JST_02_Sala-de-Jantar-e-Cozinha_R00_OP03-1.jpg\"  alt=\"Projeto de Interiores - Resid\u00eancia Scatt\" width=\"1875\" height=\"1250\">  \n      \t\n      \n      <a class=\"ue-grid-item-image-overlay\" href=\"https:\/\/www.houselux.com.br\/en\/residencia-valinhos\/\"><\/a>\n    <\/div>\n    <div class=\"ue-grid-item-content\">\n      \n      \n                  \n      \n            \n      <div class=\"ue-grid-item-title\"><a href=\"https:\/\/www.houselux.com.br\/en\/residencia-valinhos\/\">Resid\u00eancia - Vinhedo\/SP<\/a><\/div>      \n            \n      <div class=\"ue-grid-item-intro\"><\/div>          <\/div>\n  \n    \n    \n  \n<\/div>\n<div class=\"ue-grid-item\">\n\t<div class=\"ue-grid-item-image\">\n       \n          <img loading=\"lazy\" decoding=\"async\" src=\"https:\/\/www.houselux.com.br\/wp-content\/uploads\/2023\/05\/CENA-04-1.jpg\"  alt=\"Projeto de Interiores - Resid\u00eancia Le\u00e3o\" width=\"1500\" height=\"844\">  \n      \t\n      \n      <a class=\"ue-grid-item-image-overlay\" href=\"https:\/\/www.houselux.com.br\/en\/residencia-itamaraju-ba\/\"><\/a>\n    <\/div>\n    <div class=\"ue-grid-item-content\">\n      \n      \n                  \n      \n            \n      <div class=\"ue-grid-item-title\"><a href=\"https:\/\/www.houselux.com.br\/en\/residencia-itamaraju-ba\/\">Resid\u00eancia - Itamaraju\/BA<\/a><\/div>      \n            \n      <div class=\"ue-grid-item-intro\"><\/div>          <\/div>\n  \n    \n    \n  \n<\/div>\n\n<\/div>\n\n\n<!-- end Post Magazine Grid -->\t\t\t\t<\/div>\n\t\t\t\t<\/div>\n\t\t\t\t\t<\/div>\n\t\t\t\t<\/div>\n\t\t\t\t<\/div>","protected":false},"excerpt":{"rendered":"<p>Elabora\u00e7\u00e3o de projetos arquitet\u00f4nicos, envolvendo o desenvolvimento ou a reforma de car\u00e1ter residencial, comercial ou corporativo Resid\u00eancia &#8211; Itapecirica da Serra\/SP Resid\u00eancia &#8211; Sorocaba\/SP Resid\u00eancia &#8211; Itupeva\/SP Resid\u00eancia &#8211; Teres\u00f3polis\/RJ Resid\u00eancia &#8211; Suzano\/SP Cl\u00ednica SB Est\u00e9tica &#8211; Suzano\/SP Resid\u00eancia &#8211; Louveira\/SP Resid\u00eancia &#8211; S\u00e3o Paulo\/SP Resid\u00eancia &#8211; S\u00e3o Paulo\/SP Resid\u00eancia &#8211; Vinhedo\/SP Resid\u00eancia &#8211; Itamaraju\/BA<\/p>","protected":false},"author":1,"featured_media":0,"parent":0,"menu_order":0,"comment_status":"closed","ping_status":"closed","template":"","meta":{"_joinchat":[],"footnotes":""},"class_list":["post-221","page","type-page","status-publish","hentry"],"yoast_head":"<!-- This site is optimized with the Yoast SEO plugin v27.3 - https:\/\/yoast.com\/product\/yoast-seo-wordpress\/ -->\n<title>Projetos de Interiores - House Lux Exclusive Design<\/title>\n<meta name=\"robots\" content=\"index, follow, max-snippet:-1, max-image-preview:large, max-video-preview:-1\" \/>\n<link rel=\"canonical\" href=\"https:\/\/www.houselux.com.br\/en\/projetos-interiores\/\" \/>\n<meta property=\"og:locale\" content=\"en_US\" \/>\n<meta property=\"og:type\" content=\"article\" \/>\n<meta property=\"og:title\" content=\"Projetos de Interiores - House Lux Exclusive Design\" \/>\n<meta property=\"og:description\" content=\"Elabora\u00e7\u00e3o de projetos arquitet\u00f4nicos, envolvendo o desenvolvimento ou a reforma de car\u00e1ter residencial, comercial ou corporativo Resid\u00eancia &#8211; Itapecirica da Serra\/SP Resid\u00eancia &#8211; Sorocaba\/SP Resid\u00eancia &#8211; Itupeva\/SP Resid\u00eancia &#8211; Teres\u00f3polis\/RJ Resid\u00eancia &#8211; Suzano\/SP Cl\u00ednica SB Est\u00e9tica &#8211; Suzano\/SP Resid\u00eancia &#8211; Louveira\/SP Resid\u00eancia &#8211; S\u00e3o Paulo\/SP Resid\u00eancia &#8211; S\u00e3o Paulo\/SP Resid\u00eancia &#8211; Vinhedo\/SP Resid\u00eancia &#8211; Itamaraju\/BA\" \/>\n<meta property=\"og:url\" content=\"https:\/\/www.houselux.com.br\/en\/projetos-interiores\/\" \/>\n<meta property=\"og:site_name\" content=\"House Lux Exclusive Design\" \/>\n<meta property=\"article:modified_time\" content=\"2024-10-21T14:44:27+00:00\" \/>\n<meta property=\"og:image\" content=\"https:\/\/www.houselux.com.br\/wp-content\/uploads\/2024\/10\/18.jpg\" \/>\n<meta name=\"twitter:card\" content=\"summary_large_image\" \/>\n<meta name=\"twitter:label1\" content=\"Est. reading time\" \/>\n\t<meta name=\"twitter:data1\" content=\"3 minutes\" \/>\n<script type=\"application\/ld+json\" class=\"yoast-schema-graph\">{\"@context\":\"https:\\\/\\\/schema.org\",\"@graph\":[{\"@type\":\"WebPage\",\"@id\":\"https:\\\/\\\/www.houselux.com.br\\\/projetos-interiores\\\/\",\"url\":\"https:\\\/\\\/www.houselux.com.br\\\/projetos-interiores\\\/\",\"name\":\"Projetos de Interiores - House Lux Exclusive Design\",\"isPartOf\":{\"@id\":\"https:\\\/\\\/www.houselux.com.br\\\/#website\"},\"primaryImageOfPage\":{\"@id\":\"https:\\\/\\\/www.houselux.com.br\\\/projetos-interiores\\\/#primaryimage\"},\"image\":{\"@id\":\"https:\\\/\\\/www.houselux.com.br\\\/projetos-interiores\\\/#primaryimage\"},\"thumbnailUrl\":\"https:\\\/\\\/www.houselux.com.br\\\/wp-content\\\/uploads\\\/2024\\\/10\\\/18.jpg\",\"datePublished\":\"2023-05-16T14:24:51+00:00\",\"dateModified\":\"2024-10-21T14:44:27+00:00\",\"breadcrumb\":{\"@id\":\"https:\\\/\\\/www.houselux.com.br\\\/projetos-interiores\\\/#breadcrumb\"},\"inLanguage\":\"en-US\",\"potentialAction\":[{\"@type\":\"ReadAction\",\"target\":[\"https:\\\/\\\/www.houselux.com.br\\\/projetos-interiores\\\/\"]}]},{\"@type\":\"ImageObject\",\"inLanguage\":\"en-US\",\"@id\":\"https:\\\/\\\/www.houselux.com.br\\\/projetos-interiores\\\/#primaryimage\",\"url\":\"https:\\\/\\\/www.houselux.com.br\\\/wp-content\\\/uploads\\\/2024\\\/10\\\/18.jpg\",\"contentUrl\":\"https:\\\/\\\/www.houselux.com.br\\\/wp-content\\\/uploads\\\/2024\\\/10\\\/18.jpg\"},{\"@type\":\"BreadcrumbList\",\"@id\":\"https:\\\/\\\/www.houselux.com.br\\\/projetos-interiores\\\/#breadcrumb\",\"itemListElement\":[{\"@type\":\"ListItem\",\"position\":1,\"name\":\"In\u00edcio\",\"item\":\"https:\\\/\\\/www.houselux.com.br\\\/\"},{\"@type\":\"ListItem\",\"position\":2,\"name\":\"Projetos de Interiores\"}]},{\"@type\":\"WebSite\",\"@id\":\"https:\\\/\\\/www.houselux.com.br\\\/#website\",\"url\":\"https:\\\/\\\/www.houselux.com.br\\\/\",\"name\":\"House Lux Exclusive Design\",\"description\":\"\",\"publisher\":{\"@id\":\"https:\\\/\\\/www.houselux.com.br\\\/#organization\"},\"potentialAction\":[{\"@type\":\"SearchAction\",\"target\":{\"@type\":\"EntryPoint\",\"urlTemplate\":\"https:\\\/\\\/www.houselux.com.br\\\/?s={search_term_string}\"},\"query-input\":{\"@type\":\"PropertyValueSpecification\",\"valueRequired\":true,\"valueName\":\"search_term_string\"}}],\"inLanguage\":\"en-US\"},{\"@type\":\"Organization\",\"@id\":\"https:\\\/\\\/www.houselux.com.br\\\/#organization\",\"name\":\"House Lux Exclusive Design\",\"url\":\"https:\\\/\\\/www.houselux.com.br\\\/\",\"logo\":{\"@type\":\"ImageObject\",\"inLanguage\":\"en-US\",\"@id\":\"https:\\\/\\\/www.houselux.com.br\\\/#\\\/schema\\\/logo\\\/image\\\/\",\"url\":\"https:\\\/\\\/www.houselux.com.br\\\/wp-content\\\/uploads\\\/2024\\\/07\\\/House-Lux-Logotipo-CMYK-54-Photoroom.png\",\"contentUrl\":\"https:\\\/\\\/www.houselux.com.br\\\/wp-content\\\/uploads\\\/2024\\\/07\\\/House-Lux-Logotipo-CMYK-54-Photoroom.png\",\"width\":1280,\"height\":341,\"caption\":\"House Lux Exclusive Design\"},\"image\":{\"@id\":\"https:\\\/\\\/www.houselux.com.br\\\/#\\\/schema\\\/logo\\\/image\\\/\"}}]}<\/script>\n<!-- \/ Yoast SEO plugin. -->","yoast_head_json":{"title":"Projetos de Interiores - House Lux Exclusive Design","robots":{"index":"index","follow":"follow","max-snippet":"max-snippet:-1","max-image-preview":"max-image-preview:large","max-video-preview":"max-video-preview:-1"},"canonical":"https:\/\/www.houselux.com.br\/en\/projetos-interiores\/","og_locale":"en_US","og_type":"article","og_title":"Projetos de Interiores - House Lux Exclusive Design","og_description":"Elabora\u00e7\u00e3o de projetos arquitet\u00f4nicos, envolvendo o desenvolvimento ou a reforma de car\u00e1ter residencial, comercial ou corporativo Resid\u00eancia &#8211; Itapecirica da Serra\/SP Resid\u00eancia &#8211; Sorocaba\/SP Resid\u00eancia &#8211; Itupeva\/SP Resid\u00eancia &#8211; Teres\u00f3polis\/RJ Resid\u00eancia &#8211; Suzano\/SP Cl\u00ednica SB Est\u00e9tica &#8211; Suzano\/SP Resid\u00eancia &#8211; Louveira\/SP Resid\u00eancia &#8211; S\u00e3o Paulo\/SP Resid\u00eancia &#8211; S\u00e3o Paulo\/SP Resid\u00eancia &#8211; Vinhedo\/SP Resid\u00eancia &#8211; Itamaraju\/BA","og_url":"https:\/\/www.houselux.com.br\/en\/projetos-interiores\/","og_site_name":"House Lux Exclusive Design","article_modified_time":"2024-10-21T14:44:27+00:00","og_image":[{"url":"https:\/\/www.houselux.com.br\/wp-content\/uploads\/2024\/10\/18.jpg","type":"","width":"","height":""}],"twitter_card":"summary_large_image","twitter_misc":{"Est. reading time":"3 minutes"},"schema":{"@context":"https:\/\/schema.org","@graph":[{"@type":"WebPage","@id":"https:\/\/www.houselux.com.br\/projetos-interiores\/","url":"https:\/\/www.houselux.com.br\/projetos-interiores\/","name":"Projetos de Interiores - House Lux Exclusive Design","isPartOf":{"@id":"https:\/\/www.houselux.com.br\/#website"},"primaryImageOfPage":{"@id":"https:\/\/www.houselux.com.br\/projetos-interiores\/#primaryimage"},"image":{"@id":"https:\/\/www.houselux.com.br\/projetos-interiores\/#primaryimage"},"thumbnailUrl":"https:\/\/www.houselux.com.br\/wp-content\/uploads\/2024\/10\/18.jpg","datePublished":"2023-05-16T14:24:51+00:00","dateModified":"2024-10-21T14:44:27+00:00","breadcrumb":{"@id":"https:\/\/www.houselux.com.br\/projetos-interiores\/#breadcrumb"},"inLanguage":"en-US","potentialAction":[{"@type":"ReadAction","target":["https:\/\/www.houselux.com.br\/projetos-interiores\/"]}]},{"@type":"ImageObject","inLanguage":"en-US","@id":"https:\/\/www.houselux.com.br\/projetos-interiores\/#primaryimage","url":"https:\/\/www.houselux.com.br\/wp-content\/uploads\/2024\/10\/18.jpg","contentUrl":"https:\/\/www.houselux.com.br\/wp-content\/uploads\/2024\/10\/18.jpg"},{"@type":"BreadcrumbList","@id":"https:\/\/www.houselux.com.br\/projetos-interiores\/#breadcrumb","itemListElement":[{"@type":"ListItem","position":1,"name":"In\u00edcio","item":"https:\/\/www.houselux.com.br\/"},{"@type":"ListItem","position":2,"name":"Projetos de Interiores"}]},{"@type":"WebSite","@id":"https:\/\/www.houselux.com.br\/#website","url":"https:\/\/www.houselux.com.br\/","name":"House Lux Exclusive Design","description":"","publisher":{"@id":"https:\/\/www.houselux.com.br\/#organization"},"potentialAction":[{"@type":"SearchAction","target":{"@type":"EntryPoint","urlTemplate":"https:\/\/www.houselux.com.br\/?s={search_term_string}"},"query-input":{"@type":"PropertyValueSpecification","valueRequired":true,"valueName":"search_term_string"}}],"inLanguage":"en-US"},{"@type":"Organization","@id":"https:\/\/www.houselux.com.br\/#organization","name":"House Lux Exclusive Design","url":"https:\/\/www.houselux.com.br\/","logo":{"@type":"ImageObject","inLanguage":"en-US","@id":"https:\/\/www.houselux.com.br\/#\/schema\/logo\/image\/","url":"https:\/\/www.houselux.com.br\/wp-content\/uploads\/2024\/07\/House-Lux-Logotipo-CMYK-54-Photoroom.png","contentUrl":"https:\/\/www.houselux.com.br\/wp-content\/uploads\/2024\/07\/House-Lux-Logotipo-CMYK-54-Photoroom.png","width":1280,"height":341,"caption":"House Lux Exclusive Design"},"image":{"@id":"https:\/\/www.houselux.com.br\/#\/schema\/logo\/image\/"}}]}},"_links":{"self":[{"href":"https:\/\/www.houselux.com.br\/en\/wp-json\/wp\/v2\/pages\/221","targetHints":{"allow":["GET"]}}],"collection":[{"href":"https:\/\/www.houselux.com.br\/en\/wp-json\/wp\/v2\/pages"}],"about":[{"href":"https:\/\/www.houselux.com.br\/en\/wp-json\/wp\/v2\/types\/page"}],"author":[{"embeddable":true,"href":"https:\/\/www.houselux.com.br\/en\/wp-json\/wp\/v2\/users\/1"}],"replies":[{"embeddable":true,"href":"https:\/\/www.houselux.com.br\/en\/wp-json\/wp\/v2\/comments?post=221"}],"version-history":[{"count":0,"href":"https:\/\/www.houselux.com.br\/en\/wp-json\/wp\/v2\/pages\/221\/revisions"}],"wp:attachment":[{"href":"https:\/\/www.houselux.com.br\/en\/wp-json\/wp\/v2\/media?parent=221"}],"curies":[{"name":"wp","href":"https:\/\/api.w.org\/{rel}","templated":true}]}}