{"id":19,"date":"2023-05-15T16:44:05","date_gmt":"2023-05-15T19:44:05","guid":{"rendered":"http:\/\/localhost\/houselux\/?page_id=19"},"modified":"2023-05-16T15:19:36","modified_gmt":"2023-05-16T18:19:36","slug":"blog","status":"publish","type":"page","link":"https:\/\/www.houselux.com.br\/en\/blog\/","title":{"rendered":"Blog"},"content":{"rendered":"<div data-elementor-type=\"wp-page\" data-elementor-id=\"19\" class=\"elementor elementor-19\" data-elementor-post-type=\"page\">\n\t\t\t\t<div class=\"elementor-element elementor-element-70327235 e-flex e-con-boxed e-con e-parent\" data-id=\"70327235\" data-element_type=\"container\" data-settings=\"{&quot;background_background&quot;:&quot;classic&quot;}\">\n\t\t\t\t\t<div class=\"e-con-inner\">\n\t\t\t\t<div class=\"elementor-element elementor-element-268051a9 elementor-align-center elementor-widget elementor-widget-breadcrumbs\" data-id=\"268051a9\" data-element_type=\"widget\" data-widget_type=\"breadcrumbs.default\">\n\t\t\t\t<div class=\"elementor-widget-container\">\n\t\t\t\t\t<p id=\"breadcrumbs\"><span><span><a href=\"https:\/\/www.houselux.com.br\/en\/\">Home<\/a><\/span><\/span><\/p>\t\t\t\t<\/div>\n\t\t\t\t<\/div>\n\t\t\t\t\t<\/div>\n\t\t\t\t<\/div>\n\t\t<div class=\"elementor-element elementor-element-5b591f18 e-flex e-con-boxed e-con e-parent\" data-id=\"5b591f18\" data-element_type=\"container\">\n\t\t\t\t\t<div class=\"e-con-inner\">\n\t\t\t\t<div class=\"elementor-element elementor-element-5eeef84d elementor-widget elementor-widget-ucaddon_post_magazine_grid\" data-id=\"5eeef84d\" data-element_type=\"widget\" data-widget_type=\"ucaddon_post_magazine_grid.default\">\n\t\t\t\t<div class=\"elementor-widget-container\">\n\t\t\t\t\t\n<!-- start Post Magazine Grid -->\n\t\t<link id='font-awesome-css' href='https:\/\/www.houselux.com.br\/wp-content\/plugins\/unlimited-elements-for-elementor-premium\/assets_libraries\/font-awesome6\/fontawesome-all.min.css' type='text\/css' rel='stylesheet' >\n\t\t<link id='font-awesome-4-shim-css' href='https:\/\/www.houselux.com.br\/wp-content\/plugins\/unlimited-elements-for-elementor-premium\/assets_libraries\/font-awesome6\/fontawesome-v4-shims.min.css' type='text\/css' rel='stylesheet' >\n\n<style>\/* widget: Post Magazine Grid *\/\n\n\n\n#uc_post_magazine_grid_elementor_5eeef84d *\n{\n  box-sizing:border-box;\n}\n#uc_post_magazine_grid_elementor_5eeef84d\n{\n  display: grid;\n  grid-auto-rows: 1fr;\n}\n\n#uc_post_magazine_grid_elementor_5eeef84d div.ue-grid-item\n{\n  overflow:hidden;\n  display:flex;\n  position:relative;\n}\n\n#uc_post_magazine_grid_elementor_5eeef84d .ue-grid-item-image img\n{\n  width:100%;\n  display:block;\n}\n\n\n#uc_post_magazine_grid_elementor_5eeef84d.ue-layout-cover .ue-grid-item-image\n{\n  position:absolute;\n  top:0;\n  left:0;\n  bottom:0;\n  right:0;\n}\n\n#uc_post_magazine_grid_elementor_5eeef84d.ue-layout-cover .ue-grid-item-image img\n{\n  height:100%;\n  object-fit: cover;\n}\n\n#uc_post_magazine_grid_elementor_5eeef84d.ue-layout-cover .ue-grid-item-content\n{\n  position:absolute;\n  width:100%;\n  bottom:0px;\n}\n\n#uc_post_magazine_grid_elementor_5eeef84d .ue-grid-item-image-overlay\n{\n  position:absolute;\n  width:100%;\n  top:0;\n  display:block;\n  bottom:0;\n  height:100%;\n  transition:0.3s;\n}\n\n.ue-grid-item-title a\n{\n  font-size:21px;\n  font-weight:bold;\n}\n\n.ue-grid-item-category a\n{\n  display:inline-block;\n  font-size:10px;\n  text-transform:uppercase;\n}\n\n#uc_post_magazine_grid_elementor_5eeef84d .uc_more_btn{\n\n  text-align:center;\n  text-decoration:none;\n  transition:0.3s;\n}\n\n#uc_post_magazine_grid_elementor_5eeef84d .ue-grid-item-meta-data\n{\n  display:flex;\n  flex-wrap: wrap;\n}\n\n.ue-grid-item-meta-data\n{\n  font-size:12px;\n}\n\n#uc_post_magazine_grid_elementor_5eeef84d .ue-grid-item-meta-data-icon\n{\n  line-height:1em;\n}\n\n#uc_post_magazine_grid_elementor_5eeef84d .ue-grid-item-meta-data-icon svg\n{\n  width:1em;\n  height:1em;\n}\n\n\n\n#uc_post_magazine_grid_elementor_5eeef84d .ue-date-calendar\n{\n      position:absolute;\n      top:0px;\n     left:0px;\n     text-align:center;\n    }\n\n@media only screen and (max-width: 600px) {\n  #uc_post_magazine_grid_elementor_5eeef84d div.ue-grid-item\n  {\n    grid-column: span 1;\n    grid-row: span 1;\n  }\n  #uc_post_magazine_grid_elementor_5eeef84d\n  {\n  grid-template-columns: repeat(1, 1fr);\n  }\n}\n\n<\/style>\n\n<div id=\"uc_post_magazine_grid_elementor_5eeef84d\" class=\"post_magazine_grid ue-layout-cover uc-items-wrapper\" >\n\t<div class=\"ue-grid-item\">\n\t<div class=\"ue-grid-item-image\">\n       \n          <img fetchpriority=\"high\" decoding=\"async\" src=\"https:\/\/www.houselux.com.br\/wp-content\/uploads\/2024\/03\/IMG_1562.jpg\"  alt=\"IMG_1562\" width=\"1920\" height=\"1080\">  \n      \t\n      \n      <a class=\"ue-grid-item-image-overlay\" href=\"https:\/\/www.houselux.com.br\/en\/como-integrar-a-natureza-nos-espacos-internos\/\"><\/a>\n    <\/div>\n    <div class=\"ue-grid-item-content\">\n      \n      \n            \n      \t<div class=\"ue-grid-item-category\">\n        <a href=\"https:\/\/www.houselux.com.br\/en\/category\/blog\/\">Blog<\/a>\n      <\/div>\n      \n                  \n      \n            \n      <div class=\"ue-grid-item-title\"><a href=\"https:\/\/www.houselux.com.br\/en\/como-integrar-a-natureza-nos-espacos-internos\/\">Como integrar a natureza nos espa\u00e7os internos<\/a><\/div>      \n            \n      <div class=\"ue-grid-item-intro\">Em um mundo cada vez mais urbano e conectado, a busca...<\/div>          <\/div>\n  \n    \n    \n  \n<\/div>\n<div class=\"ue-grid-item\">\n\t<div class=\"ue-grid-item-image\">\n       \n          <img decoding=\"async\" src=\"https:\/\/www.houselux.com.br\/wp-content\/uploads\/2024\/03\/CENA-12-1.jpg\"  alt=\"Projeto de Interiores - Resid\u00eancia FC\" width=\"2000\" height=\"2000\">  \n      \t\n      \n      <a class=\"ue-grid-item-image-overlay\" href=\"https:\/\/www.houselux.com.br\/en\/uso-de-pedras-naturais-nos-interiores\/\"><\/a>\n    <\/div>\n    <div class=\"ue-grid-item-content\">\n      \n      \n            \n      \t<div class=\"ue-grid-item-category\">\n        <a href=\"https:\/\/www.houselux.com.br\/en\/category\/blog\/\">Blog<\/a>\n      <\/div>\n      \n                  \n      \n            \n      <div class=\"ue-grid-item-title\"><a href=\"https:\/\/www.houselux.com.br\/en\/uso-de-pedras-naturais-nos-interiores\/\">Uso de pedras naturais nos interiores<\/a><\/div>      \n            \n      <div class=\"ue-grid-item-intro\">Nos interiores contempor\u00e2neos, o uso de pedras naturais...<\/div>          <\/div>\n  \n    \n    \n  \n<\/div>\n<div class=\"ue-grid-item\">\n\t<div class=\"ue-grid-item-image\">\n       \n          <img decoding=\"async\" src=\"https:\/\/www.houselux.com.br\/wp-content\/uploads\/2024\/03\/0cc2f1ae-bf2b-4d91-81bd-1daeab182bcc.jpg\"  alt=\"0cc2f1ae-bf2b-4d91-81bd-1daeab182bcc\" width=\"1280\" height=\"720\">  \n      \t\n      \n      <a class=\"ue-grid-item-image-overlay\" href=\"https:\/\/www.houselux.com.br\/en\/tendencias-na-arquitetura-em-2024\/\"><\/a>\n    <\/div>\n    <div class=\"ue-grid-item-content\">\n      \n      \n            \n      \t<div class=\"ue-grid-item-category\">\n        <a href=\"https:\/\/www.houselux.com.br\/en\/category\/blog\/\">Blog<\/a>\n      <\/div>\n      \n                  \n      \n            \n      <div class=\"ue-grid-item-title\"><a href=\"https:\/\/www.houselux.com.br\/en\/tendencias-na-arquitetura-em-2024\/\">Tend\u00eancias na arquitetura em 2024<\/a><\/div>      \n            \n      <div class=\"ue-grid-item-intro\">O cen\u00e1rio arquitet\u00f4nico de 2024 \u00e9 definido por uma...<\/div>          <\/div>\n  \n    \n    \n  \n<\/div>\n\n<\/div>\n\n\n<!-- end Post Magazine Grid -->\t\t\t\t<\/div>\n\t\t\t\t<\/div>\n\t\t\t\t\t<\/div>\n\t\t\t\t<\/div>\n\t\t\t\t<\/div>","protected":false},"excerpt":{"rendered":"<p>Blog Como encontrar o profissional correto para o projeto da sua casa Blog As vantagens das Piscinas Naturais Blog Tend\u00eancias em paisagismo para \u00e1reas de lazer contempor\u00e2neas A House Lux Arquitetura e Interiores \u00e9 um escrit\u00f3rio&#8230;<\/p>","protected":false},"author":1,"featured_media":0,"parent":0,"menu_order":0,"comment_status":"closed","ping_status":"closed","template":"","meta":{"_joinchat":[],"footnotes":""},"class_list":["post-19","page","type-page","status-publish","hentry"],"yoast_head":"<!-- This site is optimized with the Yoast SEO plugin v27.5 - https:\/\/yoast.com\/product\/yoast-seo-wordpress\/ -->\n<title>Blog - House Lux Exclusive Design<\/title>\n<meta name=\"robots\" content=\"index, follow, max-snippet:-1, max-image-preview:large, max-video-preview:-1\" \/>\n<link rel=\"canonical\" href=\"https:\/\/www.houselux.com.br\/en\/blog\/\" \/>\n<meta property=\"og:locale\" content=\"en_US\" \/>\n<meta property=\"og:type\" content=\"article\" \/>\n<meta property=\"og:title\" content=\"Blog - House Lux Exclusive Design\" \/>\n<meta property=\"og:description\" content=\"Blog Como encontrar o profissional correto para o projeto da sua casa Blog As vantagens das Piscinas Naturais Blog Tend\u00eancias em paisagismo para \u00e1reas de lazer contempor\u00e2neas A House Lux Arquitetura e Interiores \u00e9 um escrit\u00f3rio&#8230;\" \/>\n<meta property=\"og:url\" content=\"https:\/\/www.houselux.com.br\/en\/blog\/\" \/>\n<meta property=\"og:site_name\" content=\"House Lux Exclusive Design\" \/>\n<meta property=\"article:modified_time\" content=\"2023-05-16T18:19:36+00:00\" \/>\n<meta property=\"og:image\" content=\"http:\/\/localhost\/houselux\/wp-content\/uploads\/2023\/05\/Equipe-House-Lux.jpg\" \/>\n<meta name=\"twitter:card\" content=\"summary_large_image\" \/>\n<meta name=\"twitter:label1\" content=\"Est. reading time\" \/>\n\t<meta name=\"twitter:data1\" content=\"2 minutes\" \/>\n<script type=\"application\/ld+json\" class=\"yoast-schema-graph\">{\"@context\":\"https:\\\/\\\/schema.org\",\"@graph\":[{\"@type\":\"WebPage\",\"@id\":\"https:\\\/\\\/www.houselux.com.br\\\/blog\\\/\",\"url\":\"https:\\\/\\\/www.houselux.com.br\\\/blog\\\/\",\"name\":\"Blog - House Lux Exclusive Design\",\"isPartOf\":{\"@id\":\"https:\\\/\\\/www.houselux.com.br\\\/#website\"},\"primaryImageOfPage\":{\"@id\":\"https:\\\/\\\/www.houselux.com.br\\\/blog\\\/#primaryimage\"},\"image\":{\"@id\":\"https:\\\/\\\/www.houselux.com.br\\\/blog\\\/#primaryimage\"},\"thumbnailUrl\":\"http:\\\/\\\/localhost\\\/houselux\\\/wp-content\\\/uploads\\\/2023\\\/05\\\/Equipe-House-Lux.jpg\",\"datePublished\":\"2023-05-15T19:44:05+00:00\",\"dateModified\":\"2023-05-16T18:19:36+00:00\",\"breadcrumb\":{\"@id\":\"https:\\\/\\\/www.houselux.com.br\\\/blog\\\/#breadcrumb\"},\"inLanguage\":\"en-US\",\"potentialAction\":[{\"@type\":\"ReadAction\",\"target\":[\"https:\\\/\\\/www.houselux.com.br\\\/blog\\\/\"]}]},{\"@type\":\"ImageObject\",\"inLanguage\":\"en-US\",\"@id\":\"https:\\\/\\\/www.houselux.com.br\\\/blog\\\/#primaryimage\",\"url\":\"http:\\\/\\\/localhost\\\/houselux\\\/wp-content\\\/uploads\\\/2023\\\/05\\\/Equipe-House-Lux.jpg\",\"contentUrl\":\"http:\\\/\\\/localhost\\\/houselux\\\/wp-content\\\/uploads\\\/2023\\\/05\\\/Equipe-House-Lux.jpg\"},{\"@type\":\"BreadcrumbList\",\"@id\":\"https:\\\/\\\/www.houselux.com.br\\\/blog\\\/#breadcrumb\",\"itemListElement\":[{\"@type\":\"ListItem\",\"position\":1,\"name\":\"In\u00edcio\",\"item\":\"https:\\\/\\\/www.houselux.com.br\\\/\"},{\"@type\":\"ListItem\",\"position\":2,\"name\":\"Blog\"}]},{\"@type\":\"WebSite\",\"@id\":\"https:\\\/\\\/www.houselux.com.br\\\/#website\",\"url\":\"https:\\\/\\\/www.houselux.com.br\\\/\",\"name\":\"House Lux Exclusive Design\",\"description\":\"\",\"publisher\":{\"@id\":\"https:\\\/\\\/www.houselux.com.br\\\/#organization\"},\"potentialAction\":[{\"@type\":\"SearchAction\",\"target\":{\"@type\":\"EntryPoint\",\"urlTemplate\":\"https:\\\/\\\/www.houselux.com.br\\\/?s={search_term_string}\"},\"query-input\":{\"@type\":\"PropertyValueSpecification\",\"valueRequired\":true,\"valueName\":\"search_term_string\"}}],\"inLanguage\":\"en-US\"},{\"@type\":\"Organization\",\"@id\":\"https:\\\/\\\/www.houselux.com.br\\\/#organization\",\"name\":\"House Lux Exclusive Design\",\"url\":\"https:\\\/\\\/www.houselux.com.br\\\/\",\"logo\":{\"@type\":\"ImageObject\",\"inLanguage\":\"en-US\",\"@id\":\"https:\\\/\\\/www.houselux.com.br\\\/#\\\/schema\\\/logo\\\/image\\\/\",\"url\":\"https:\\\/\\\/www.houselux.com.br\\\/wp-content\\\/uploads\\\/2024\\\/07\\\/House-Lux-Logotipo-CMYK-54-Photoroom.png\",\"contentUrl\":\"https:\\\/\\\/www.houselux.com.br\\\/wp-content\\\/uploads\\\/2024\\\/07\\\/House-Lux-Logotipo-CMYK-54-Photoroom.png\",\"width\":1280,\"height\":341,\"caption\":\"House Lux Exclusive Design\"},\"image\":{\"@id\":\"https:\\\/\\\/www.houselux.com.br\\\/#\\\/schema\\\/logo\\\/image\\\/\"}}]}<\/script>\n<!-- \/ Yoast SEO plugin. -->","yoast_head_json":{"title":"Blog - House Lux Exclusive Design","robots":{"index":"index","follow":"follow","max-snippet":"max-snippet:-1","max-image-preview":"max-image-preview:large","max-video-preview":"max-video-preview:-1"},"canonical":"https:\/\/www.houselux.com.br\/en\/blog\/","og_locale":"en_US","og_type":"article","og_title":"Blog - House Lux Exclusive Design","og_description":"Blog Como encontrar o profissional correto para o projeto da sua casa Blog As vantagens das Piscinas Naturais Blog Tend\u00eancias em paisagismo para \u00e1reas de lazer contempor\u00e2neas A House Lux Arquitetura e Interiores \u00e9 um escrit\u00f3rio&#8230;","og_url":"https:\/\/www.houselux.com.br\/en\/blog\/","og_site_name":"House Lux Exclusive Design","article_modified_time":"2023-05-16T18:19:36+00:00","og_image":[{"url":"http:\/\/localhost\/houselux\/wp-content\/uploads\/2023\/05\/Equipe-House-Lux.jpg","type":"","width":"","height":""}],"twitter_card":"summary_large_image","twitter_misc":{"Est. reading time":"2 minutes"},"schema":{"@context":"https:\/\/schema.org","@graph":[{"@type":"WebPage","@id":"https:\/\/www.houselux.com.br\/blog\/","url":"https:\/\/www.houselux.com.br\/blog\/","name":"Blog - House Lux Exclusive Design","isPartOf":{"@id":"https:\/\/www.houselux.com.br\/#website"},"primaryImageOfPage":{"@id":"https:\/\/www.houselux.com.br\/blog\/#primaryimage"},"image":{"@id":"https:\/\/www.houselux.com.br\/blog\/#primaryimage"},"thumbnailUrl":"http:\/\/localhost\/houselux\/wp-content\/uploads\/2023\/05\/Equipe-House-Lux.jpg","datePublished":"2023-05-15T19:44:05+00:00","dateModified":"2023-05-16T18:19:36+00:00","breadcrumb":{"@id":"https:\/\/www.houselux.com.br\/blog\/#breadcrumb"},"inLanguage":"en-US","potentialAction":[{"@type":"ReadAction","target":["https:\/\/www.houselux.com.br\/blog\/"]}]},{"@type":"ImageObject","inLanguage":"en-US","@id":"https:\/\/www.houselux.com.br\/blog\/#primaryimage","url":"http:\/\/localhost\/houselux\/wp-content\/uploads\/2023\/05\/Equipe-House-Lux.jpg","contentUrl":"http:\/\/localhost\/houselux\/wp-content\/uploads\/2023\/05\/Equipe-House-Lux.jpg"},{"@type":"BreadcrumbList","@id":"https:\/\/www.houselux.com.br\/blog\/#breadcrumb","itemListElement":[{"@type":"ListItem","position":1,"name":"In\u00edcio","item":"https:\/\/www.houselux.com.br\/"},{"@type":"ListItem","position":2,"name":"Blog"}]},{"@type":"WebSite","@id":"https:\/\/www.houselux.com.br\/#website","url":"https:\/\/www.houselux.com.br\/","name":"House Lux Exclusive Design","description":"","publisher":{"@id":"https:\/\/www.houselux.com.br\/#organization"},"potentialAction":[{"@type":"SearchAction","target":{"@type":"EntryPoint","urlTemplate":"https:\/\/www.houselux.com.br\/?s={search_term_string}"},"query-input":{"@type":"PropertyValueSpecification","valueRequired":true,"valueName":"search_term_string"}}],"inLanguage":"en-US"},{"@type":"Organization","@id":"https:\/\/www.houselux.com.br\/#organization","name":"House Lux Exclusive Design","url":"https:\/\/www.houselux.com.br\/","logo":{"@type":"ImageObject","inLanguage":"en-US","@id":"https:\/\/www.houselux.com.br\/#\/schema\/logo\/image\/","url":"https:\/\/www.houselux.com.br\/wp-content\/uploads\/2024\/07\/House-Lux-Logotipo-CMYK-54-Photoroom.png","contentUrl":"https:\/\/www.houselux.com.br\/wp-content\/uploads\/2024\/07\/House-Lux-Logotipo-CMYK-54-Photoroom.png","width":1280,"height":341,"caption":"House Lux Exclusive Design"},"image":{"@id":"https:\/\/www.houselux.com.br\/#\/schema\/logo\/image\/"}}]}},"_links":{"self":[{"href":"https:\/\/www.houselux.com.br\/en\/wp-json\/wp\/v2\/pages\/19","targetHints":{"allow":["GET"]}}],"collection":[{"href":"https:\/\/www.houselux.com.br\/en\/wp-json\/wp\/v2\/pages"}],"about":[{"href":"https:\/\/www.houselux.com.br\/en\/wp-json\/wp\/v2\/types\/page"}],"author":[{"embeddable":true,"href":"https:\/\/www.houselux.com.br\/en\/wp-json\/wp\/v2\/users\/1"}],"replies":[{"embeddable":true,"href":"https:\/\/www.houselux.com.br\/en\/wp-json\/wp\/v2\/comments?post=19"}],"version-history":[{"count":0,"href":"https:\/\/www.houselux.com.br\/en\/wp-json\/wp\/v2\/pages\/19\/revisions"}],"wp:attachment":[{"href":"https:\/\/www.houselux.com.br\/en\/wp-json\/wp\/v2\/media?parent=19"}],"curies":[{"name":"wp","href":"https:\/\/api.w.org\/{rel}","templated":true}]}}